{"id":109,"date":"2023-12-12T13:46:43","date_gmt":"2023-12-12T12:46:43","guid":{"rendered":"https:\/\/azsealings.be\/?page_id=109"},"modified":"2024-09-19T08:56:34","modified_gmt":"2024-09-19T06:56:34","slug":"contact","status":"publish","type":"page","link":"https:\/\/www.azsealings.be\/en\/contact\/","title":{"rendered":"Contact"},"content":{"rendered":"<style>.kb-row-layout-id109_7d4425-aa > .kt-row-column-wrap{align-content:center;}:where(.kb-row-layout-id109_7d4425-aa > .kt-row-column-wrap) > .wp-block-kadence-column{justify-content:center;}.kb-row-layout-id109_7d4425-aa > .kt-row-column-wrap{column-gap:var(--global-kb-gap-md, 2rem);row-gap:var(--global-kb-gap-md, 2rem);max-width:var(--wp--style--global--content-size);padding-top:var(--global-kb-spacing-sm, 1.5rem);padding-bottom:var(--global-kb-spacing-sm, 1.5rem);min-height:40vh;grid-template-columns:minmax(0, 1fr);}.kb-row-layout-id109_7d4425-aa{background-image:url('https:\/\/www.azsealings.be\/wp-content\/uploads\/2024\/01\/pexels-talal-hakim-4727382-1-scaled.jpg');background-size:cover;background-position:center center;background-attachment:scroll;background-repeat:no-repeat;}.kb-row-layout-id109_7d4425-aa > .kt-row-layout-overlay{opacity:0.30;background-color:var(--ast-global-color-8);}@media all and (max-width: 1024px){.kb-row-layout-id109_7d4425-aa > .kt-row-column-wrap{grid-template-columns:minmax(0, 1fr);}}@media all and (max-width: 767px){.kb-row-layout-id109_7d4425-aa > .kt-row-column-wrap{grid-template-columns:minmax(0, 1fr);}}<\/style><div class=\"kb-row-layout-wrap kb-row-layout-id109_7d4425-aa alignfull kt-row-has-bg wp-block-kadence-rowlayout\"><div class=\"kt-row-layout-overlay kt-row-overlay-normal\"><\/div><div class=\"kt-row-column-wrap kt-has-1-columns kt-row-layout-equal kt-tab-layout-inherit kt-mobile-layout-row kt-row-valign-middle kb-theme-content-width\">\n<style>.kadence-column109_888e01-e5 > .kt-inside-inner-col,.kadence-column109_888e01-e5 > .kt-inside-inner-col:before{border-top-left-radius:0px;border-top-right-radius:0px;border-bottom-right-radius:0px;border-bottom-left-radius:0px;}.kadence-column109_888e01-e5 > .kt-inside-inner-col{column-gap:var(--global-kb-gap-sm, 1rem);}.kadence-column109_888e01-e5 > .kt-inside-inner-col{flex-direction:column;}.kadence-column109_888e01-e5 > .kt-inside-inner-col > .aligncenter{width:100%;}.kadence-column109_888e01-e5 > .kt-inside-inner-col:before{opacity:0.3;}.kadence-column109_888e01-e5{position:relative;}@media all and (max-width: 1024px){.kadence-column109_888e01-e5 > .kt-inside-inner-col{flex-direction:column;justify-content:center;}}@media all and (max-width: 767px){.kadence-column109_888e01-e5 > .kt-inside-inner-col{flex-direction:column;justify-content:center;}}<\/style>\n<div class=\"wp-block-kadence-column kadence-column109_888e01-e5\"><div class=\"kt-inside-inner-col\"><style>.wp-block-kadence-advancedheading.kt-adv-heading109_361deb-9a, .wp-block-kadence-advancedheading.kt-adv-heading109_361deb-9a[data-kb-block=\"kb-adv-heading109_361deb-9a\"]{font-size:var(--global-kb-font-size-xl, 3rem);font-weight:700;font-style:normal;font-family:Montserrat;}.wp-block-kadence-advancedheading.kt-adv-heading109_361deb-9a mark.kt-highlight, .wp-block-kadence-advancedheading.kt-adv-heading109_361deb-9a[data-kb-block=\"kb-adv-heading109_361deb-9a\"] mark.kt-highlight{font-style:normal;color:#f76a0c;-webkit-box-decoration-break:clone;box-decoration-break:clone;padding-top:0px;padding-right:0px;padding-bottom:0px;padding-left:0px;}.wp-block-kadence-advancedheading.kt-adv-heading109_361deb-9a img.kb-inline-image, .wp-block-kadence-advancedheading.kt-adv-heading109_361deb-9a[data-kb-block=\"kb-adv-heading109_361deb-9a\"] img.kb-inline-image{width:150px;vertical-align:baseline;}<\/style>\n<h2 class=\"kt-adv-heading109_361deb-9a wp-block-kadence-advancedheading has-ast-global-color-5-color has-text-color\" data-kb-block=\"kb-adv-heading109_361deb-9a\">Contact<\/h2>\n<\/div><\/div>\n\n<\/div><\/div>\n\n<style>.kb-row-layout-id109_4decf3-54 > .kt-row-column-wrap{align-content:start;}:where(.kb-row-layout-id109_4decf3-54 > .kt-row-column-wrap) > .wp-block-kadence-column{justify-content:start;}.kb-row-layout-id109_4decf3-54 > .kt-row-column-wrap{column-gap:var(--global-kb-gap-md, 2rem);row-gap:var(--global-kb-gap-md, 2rem);padding-top:var(--global-kb-spacing-xl, 4rem);padding-bottom:var(--global-kb-spacing-sm, 1.5rem);grid-template-columns:minmax(0, calc(60% - ((var(--global-kb-gap-md, 2rem) * 1 )\/2)))minmax(0, calc(40% - ((var(--global-kb-gap-md, 2rem) * 1 )\/2)));}.kb-row-layout-id109_4decf3-54 > .kt-row-layout-overlay{opacity:0.30;}@media all and (max-width: 1024px){.kb-row-layout-id109_4decf3-54 > .kt-row-column-wrap{grid-template-columns:repeat(2, minmax(0, 1fr));}}@media all and (max-width: 767px){.kb-row-layout-id109_4decf3-54 > .kt-row-column-wrap{grid-template-columns:minmax(0, 1fr);}}<\/style><div class=\"kb-row-layout-wrap kb-row-layout-id109_4decf3-54 alignnone wp-block-kadence-rowlayout\"><div class=\"kt-row-column-wrap kt-has-2-columns kt-row-layout-equal kt-tab-layout-inherit kt-mobile-layout-row kt-row-valign-top\">\n<style>.kadence-column109_c0aa5f-9e > .kt-inside-inner-col,.kadence-column109_c0aa5f-9e > .kt-inside-inner-col:before{border-top-left-radius:0px;border-top-right-radius:0px;border-bottom-right-radius:0px;border-bottom-left-radius:0px;}.kadence-column109_c0aa5f-9e > .kt-inside-inner-col{column-gap:var(--global-kb-gap-sm, 1rem);}.kadence-column109_c0aa5f-9e > .kt-inside-inner-col{flex-direction:column;}.kadence-column109_c0aa5f-9e > .kt-inside-inner-col > .aligncenter{width:100%;}.kadence-column109_c0aa5f-9e > .kt-inside-inner-col:before{opacity:0.3;}.kadence-column109_c0aa5f-9e{position:relative;}@media all and (max-width: 1024px){.kadence-column109_c0aa5f-9e > .kt-inside-inner-col{flex-direction:column;justify-content:center;}}@media all and (max-width: 767px){.kadence-column109_c0aa5f-9e > .kt-inside-inner-col{flex-direction:column;justify-content:center;}}<\/style>\n<div class=\"wp-block-kadence-column kadence-column109_c0aa5f-9e\"><div class=\"kt-inside-inner-col\"><style>.wp-block-kadence-advancedheading.kt-adv-heading109_3911b6-4f, .wp-block-kadence-advancedheading.kt-adv-heading109_3911b6-4f[data-kb-block=\"kb-adv-heading109_3911b6-4f\"]{font-size:var(--global-kb-font-size-md, 1.25rem);font-style:normal;}.wp-block-kadence-advancedheading.kt-adv-heading109_3911b6-4f mark.kt-highlight, .wp-block-kadence-advancedheading.kt-adv-heading109_3911b6-4f[data-kb-block=\"kb-adv-heading109_3911b6-4f\"] mark.kt-highlight{font-style:normal;color:#f76a0c;-webkit-box-decoration-break:clone;box-decoration-break:clone;padding-top:0px;padding-right:0px;padding-bottom:0px;padding-left:0px;}.wp-block-kadence-advancedheading.kt-adv-heading109_3911b6-4f img.kb-inline-image, .wp-block-kadence-advancedheading.kt-adv-heading109_3911b6-4f[data-kb-block=\"kb-adv-heading109_3911b6-4f\"] img.kb-inline-image{width:150px;vertical-align:baseline;}<\/style>\n<p class=\"kt-adv-heading109_3911b6-4f wp-block-kadence-advancedheading\" data-kb-block=\"kb-adv-heading109_3911b6-4f\">Vous avez une demande ? Un besoin?<br>Nous serions heureux de vous fournir une offre personnalis\u00e9e pour votre projet.<\/p>\n\n\n<div class='fluentform ff-default fluentform_wrapper_3  ff_guten_block ff_guten_block-3 ffs_default_wrap'><form data-form_id=\"3\" id=\"fluentform_3\" class=\"frm-fluent-form fluent_form_3 ff-el-form-top ff_form_instance_3_1 ff-form-loading ffs_default\" data-form_instance=\"ff_form_instance_3_1\" method=\"POST\" ><fieldset  style=\"border: none!important;margin: 0!important;padding: 0!important;background-color: transparent!important;box-shadow: none!important;outline: none!important; min-inline-size: 100%;\">\n                    <legend class=\"ff_screen_reader_title\" style=\"display: block; margin: 0!important;padding: 0!important;height: 0!important;text-indent: -999999px;width: 0!important;overflow:hidden;\">Contact<\/legend><p style=\"display: none !important;\" class=\"akismet-fields-container\" data-prefix=\"ak_\"><label>&#916;<textarea name=\"ak_hp_textarea\" cols=\"45\" rows=\"8\" maxlength=\"100\"><\/textarea><\/label><input type=\"hidden\" id=\"ak_js_1\" name=\"ak_js\" value=\"37\"\/><script>\ndocument.getElementById( \"ak_js_1\" ).setAttribute( \"value\", ( new Date() ).getTime() );\n<\/script>\n<\/p><input type='hidden' name='__fluent_form_embded_post_id' value='109' \/><input type=\"hidden\" id=\"_fluentform_3_fluentformnonce\" name=\"_fluentform_3_fluentformnonce\" value=\"5418e528ca\" \/><input type=\"hidden\" name=\"_wp_http_referer\" value=\"\/en\/wp-json\/wp\/v2\/pages\/109\" \/><div class='ff-el-group'><div class=\"ff-el-input--label asterisk-right\"><label for='ff_3_input_text' id='label_ff_3_input_text' aria-label=\"Soci\u00e9t\u00e9\">Soci\u00e9t\u00e9<\/label><\/div><div class='ff-el-input--content'><input type=\"text\" name=\"input_text\" class=\"ff-el-form-control\" placeholder=\"Soci\u00e9t\u00e9\" data-name=\"input_text\" id=\"ff_3_input_text\"  aria-invalid=\"false\" aria-required=false><\/div><\/div><div data-type=\"name-element\" data-name=\"names_1\" class=\" ff-field_container ff-name-field-wrapper\" ><div class='ff-t-container'><div class='ff-t-cell '><div class='ff-el-group  ff-el-form-top'><div class=\"ff-el-input--label ff-el-is-required asterisk-right\"><label for='ff_3_names_1_first_name_' id='label_ff_3_names_1_first_name_' >Pr\u00e9nom<\/label><\/div><div class='ff-el-input--content'><input type=\"text\" name=\"names_1[first_name]\" id=\"ff_3_names_1_first_name_\" class=\"ff-el-form-control\" placeholder=\"Pr\u00e9nom\" aria-invalid=\"false\" aria-required=true><\/div><\/div><\/div><div class='ff-t-cell '><div class='ff-el-group  ff-el-form-top'><div class=\"ff-el-input--label ff-el-is-required asterisk-right\"><label for='ff_3_names_1_last_name_' id='label_ff_3_names_1_last_name_' >Nom<\/label><\/div><div class='ff-el-input--content'><input type=\"text\" name=\"names_1[last_name]\" id=\"ff_3_names_1_last_name_\" class=\"ff-el-form-control\" placeholder=\"Nom\" aria-invalid=\"false\" aria-required=true><\/div><\/div><\/div><\/div><\/div><div class='ff-el-group'><div class=\"ff-el-input--label ff-el-is-required asterisk-right\"><label for='ff_3_email' id='label_ff_3_email' aria-label=\"Email\">Email<\/label><\/div><div class='ff-el-input--content'><input type=\"email\" name=\"email\" id=\"ff_3_email\" class=\"ff-el-form-control\" placeholder=\"Adresse email\" data-name=\"email\"  aria-invalid=\"false\" aria-required=true><\/div><\/div><div class='ff-el-group'><div class=\"ff-el-input--label ff-el-is-required asterisk-right\"><label for='ff_3_description' id='label_ff_3_description' aria-label=\"Description du produit\">Description du produit<\/label><\/div><div class='ff-el-input--content'><textarea aria-required=\"true\" aria-labelledby=\"label_ff_3_description\" name=\"description\" id=\"ff_3_description\" class=\"ff-el-form-control\" placeholder=\"Description du produit\" rows=\"3\" cols=\"2\" data-name=\"description\" ><\/textarea><\/div><\/div><div class='ff-el-group ff-text-left ff_submit_btn_wrapper'><button type=\"submit\" class=\"ff-btn ff-btn-submit ff-btn-md ff_btn_style wpf_has_custom_css\"  aria-label=\"Envoyez votre demande\">Envoyez votre demande<\/button><\/div><\/fieldset><\/form><div id='fluentform_3_errors' class='ff-errors-in-stack ff_form_instance_3_1 ff-form-loading_errors ff_form_instance_3_1_errors'><\/div><\/div>            <script type=\"text\/javascript\">\n                window.fluent_form_ff_form_instance_3_1 = {\"id\":\"3\",\"ajaxUrl\":\"https:\\\/\\\/www.azsealings.be\\\/wp-admin\\\/admin-ajax.php\",\"settings\":{\"layout\":{\"labelPlacement\":\"top\",\"helpMessagePlacement\":\"with_label\",\"errorMessagePlacement\":\"inline\",\"cssClassName\":\"\",\"asteriskPlacement\":\"asterisk-right\"},\"restrictions\":{\"denyEmptySubmission\":{\"enabled\":false}}},\"form_instance\":\"ff_form_instance_3_1\",\"form_id_selector\":\"fluentform_3\",\"rules\":{\"input_text\":{\"required\":{\"value\":false,\"message\":\"This field is required\",\"global_message\":\"Ce champ est obligatoire\",\"global\":true}},\"names_1[first_name]\":{\"required\":{\"value\":true,\"message\":\"This field is required\",\"global_message\":\"Ce champ est obligatoire\",\"global\":true}},\"names_1[middle_name]\":{\"required\":{\"value\":false,\"message\":\"This field is required\",\"global_message\":\"Ce champ est obligatoire\",\"global\":true}},\"names_1[last_name]\":{\"required\":{\"value\":true,\"message\":\"This field is required\",\"global_message\":\"Ce champ est obligatoire\",\"global\":true}},\"email\":{\"required\":{\"value\":true,\"message\":\"This field is required\",\"global_message\":\"Ce champ est obligatoire\",\"global\":true},\"email\":{\"value\":true,\"message\":\"This field must contain a valid email\",\"global_message\":\"Ce champ doit contenir un e-mail valide\",\"global\":true}},\"description\":{\"required\":{\"value\":true,\"message\":\"This field is required\",\"global_message\":\"Ce champ est obligatoire\",\"global\":true}}},\"debounce_time\":300};\n                            <\/script>\n            <\/div><\/div>\n\n\n<style>.kadence-column109_c4fb37-4f > .kt-inside-inner-col{display:flex;}.kadence-column109_c4fb37-4f > .kt-inside-inner-col,.kadence-column109_c4fb37-4f > .kt-inside-inner-col:before{border-top-left-radius:0px;border-top-right-radius:0px;border-bottom-right-radius:0px;border-bottom-left-radius:0px;}.kadence-column109_c4fb37-4f > .kt-inside-inner-col{column-gap:var(--global-kb-gap-sm, 1rem);}.kadence-column109_c4fb37-4f > .kt-inside-inner-col{flex-direction:column;justify-content:flex-start;}.kadence-column109_c4fb37-4f > .kt-inside-inner-col > .aligncenter{width:100%;}.kt-row-column-wrap > .kadence-column109_c4fb37-4f{align-self:flex-start;}.kt-inner-column-height-full:not(.kt-has-1-columns) > .wp-block-kadence-column.kadence-column109_c4fb37-4f{align-self:auto;}.kt-inner-column-height-full:not(.kt-has-1-columns) > .wp-block-kadence-column.kadence-column109_c4fb37-4f > .kt-inside-inner-col{flex-direction:column;justify-content:flex-start;}.kadence-column109_c4fb37-4f > .kt-inside-inner-col:before{opacity:0.3;}.kadence-column109_c4fb37-4f{position:relative;}@media all and (max-width: 1024px){.kt-row-column-wrap > .kadence-column109_c4fb37-4f{align-self:flex-start;}}@media all and (max-width: 1024px){.kt-inner-column-height-full:not(.kt-has-1-columns) > .wp-block-kadence-column.kadence-column109_c4fb37-4f{align-self:auto;}}@media all and (max-width: 1024px){.kt-inner-column-height-full:not(.kt-has-1-columns) > .wp-block-kadence-column.kadence-column109_c4fb37-4f > .kt-inside-inner-col{flex-direction:column;justify-content:flex-start;}}@media all and (max-width: 1024px){.kadence-column109_c4fb37-4f > .kt-inside-inner-col{flex-direction:column;justify-content:flex-start;}}@media all and (max-width: 767px){.kt-row-column-wrap > .kadence-column109_c4fb37-4f{align-self:flex-start;}.kt-inner-column-height-full:not(.kt-has-1-columns) > .wp-block-kadence-column.kadence-column109_c4fb37-4f{align-self:auto;}.kt-inner-column-height-full:not(.kt-has-1-columns) > .wp-block-kadence-column.kadence-column109_c4fb37-4f > .kt-inside-inner-col{flex-direction:column;justify-content:flex-start;}.kadence-column109_c4fb37-4f > .kt-inside-inner-col{flex-direction:column;justify-content:flex-start;}}<\/style>\n<div class=\"wp-block-kadence-column kadence-column109_c4fb37-4f\"><div class=\"kt-inside-inner-col\"><style>.wp-block-kadence-advancedheading.kt-adv-heading109_1c6804-27, .wp-block-kadence-advancedheading.kt-adv-heading109_1c6804-27[data-kb-block=\"kb-adv-heading109_1c6804-27\"]{font-size:var(--global-kb-font-size-md, 1.25rem);font-style:normal;}.wp-block-kadence-advancedheading.kt-adv-heading109_1c6804-27 mark.kt-highlight, .wp-block-kadence-advancedheading.kt-adv-heading109_1c6804-27[data-kb-block=\"kb-adv-heading109_1c6804-27\"] mark.kt-highlight{font-style:normal;color:#f76a0c;-webkit-box-decoration-break:clone;box-decoration-break:clone;padding-top:0px;padding-right:0px;padding-bottom:0px;padding-left:0px;}.wp-block-kadence-advancedheading.kt-adv-heading109_1c6804-27 img.kb-inline-image, .wp-block-kadence-advancedheading.kt-adv-heading109_1c6804-27[data-kb-block=\"kb-adv-heading109_1c6804-27\"] img.kb-inline-image{width:150px;vertical-align:baseline;}<\/style>\n<p class=\"kt-adv-heading109_1c6804-27 wp-block-kadence-advancedheading\" data-kb-block=\"kb-adv-heading109_1c6804-27\">Nous nous tenons a\u0300 votre disposition pour toute analyse de vos besoins.<\/p>\n\n\n<style>.wp-block-kadence-advancedheading.kt-adv-heading109_637f3a-89, .wp-block-kadence-advancedheading.kt-adv-heading109_637f3a-89[data-kb-block=\"kb-adv-heading109_637f3a-89\"]{font-size:var(--global-kb-font-size-md, 1.25rem);font-style:normal;}.wp-block-kadence-advancedheading.kt-adv-heading109_637f3a-89 mark.kt-highlight, .wp-block-kadence-advancedheading.kt-adv-heading109_637f3a-89[data-kb-block=\"kb-adv-heading109_637f3a-89\"] mark.kt-highlight{font-style:normal;color:#f76a0c;-webkit-box-decoration-break:clone;box-decoration-break:clone;padding-top:0px;padding-right:0px;padding-bottom:0px;padding-left:0px;}.wp-block-kadence-advancedheading.kt-adv-heading109_637f3a-89 img.kb-inline-image, .wp-block-kadence-advancedheading.kt-adv-heading109_637f3a-89[data-kb-block=\"kb-adv-heading109_637f3a-89\"] img.kb-inline-image{width:150px;vertical-align:baseline;}<\/style>\n<p class=\"kt-adv-heading109_637f3a-89 wp-block-kadence-advancedheading\" data-kb-block=\"kb-adv-heading109_637f3a-89\"><strong>Heures d&rsquo;ouvertures <\/strong>: <br>du lundi au vendredi de 9h00 \u00e0 18h00.<\/p>\n\n\n<style>.wp-block-kadence-advancedheading.kt-adv-heading109_7f08e3-20, .wp-block-kadence-advancedheading.kt-adv-heading109_7f08e3-20[data-kb-block=\"kb-adv-heading109_7f08e3-20\"]{font-size:var(--global-kb-font-size-md, 1.25rem);font-style:normal;}.wp-block-kadence-advancedheading.kt-adv-heading109_7f08e3-20 mark.kt-highlight, .wp-block-kadence-advancedheading.kt-adv-heading109_7f08e3-20[data-kb-block=\"kb-adv-heading109_7f08e3-20\"] mark.kt-highlight{font-style:normal;color:#f76a0c;-webkit-box-decoration-break:clone;box-decoration-break:clone;padding-top:0px;padding-right:0px;padding-bottom:0px;padding-left:0px;}.wp-block-kadence-advancedheading.kt-adv-heading109_7f08e3-20 img.kb-inline-image, .wp-block-kadence-advancedheading.kt-adv-heading109_7f08e3-20[data-kb-block=\"kb-adv-heading109_7f08e3-20\"] img.kb-inline-image{width:150px;vertical-align:baseline;}<\/style>\n<p class=\"kt-adv-heading109_7f08e3-20 wp-block-kadence-advancedheading\" data-kb-block=\"kb-adv-heading109_7f08e3-20\"><strong>Adresse<\/strong> : <br>4, Boulevard Gendebien \u00e0 7000 Mons<\/p>\n\n\n<style>.wp-block-kadence-advancedheading.kt-adv-heading109_17cfd7-15, .wp-block-kadence-advancedheading.kt-adv-heading109_17cfd7-15[data-kb-block=\"kb-adv-heading109_17cfd7-15\"]{font-size:var(--global-kb-font-size-md, 1.25rem);font-style:normal;}.wp-block-kadence-advancedheading.kt-adv-heading109_17cfd7-15 mark.kt-highlight, .wp-block-kadence-advancedheading.kt-adv-heading109_17cfd7-15[data-kb-block=\"kb-adv-heading109_17cfd7-15\"] mark.kt-highlight{font-style:normal;color:#f76a0c;-webkit-box-decoration-break:clone;box-decoration-break:clone;padding-top:0px;padding-right:0px;padding-bottom:0px;padding-left:0px;}.wp-block-kadence-advancedheading.kt-adv-heading109_17cfd7-15 img.kb-inline-image, .wp-block-kadence-advancedheading.kt-adv-heading109_17cfd7-15[data-kb-block=\"kb-adv-heading109_17cfd7-15\"] img.kb-inline-image{width:150px;vertical-align:baseline;}<\/style>\n<p class=\"kt-adv-heading109_17cfd7-15 wp-block-kadence-advancedheading\" data-kb-block=\"kb-adv-heading109_17cfd7-15\"><strong>T\u00e9l <\/strong>: <a href=\"tel:+3265959588\" data-type=\"tel\" data-id=\"tel:+3265959588\">+32 (0) 65 95 95 88<\/a><\/p>\n\n\n<style>.wp-block-kadence-advancedheading.kt-adv-heading109_a57532-02, .wp-block-kadence-advancedheading.kt-adv-heading109_a57532-02[data-kb-block=\"kb-adv-heading109_a57532-02\"]{font-size:var(--global-kb-font-size-md, 1.25rem);font-style:normal;}.wp-block-kadence-advancedheading.kt-adv-heading109_a57532-02 mark.kt-highlight, .wp-block-kadence-advancedheading.kt-adv-heading109_a57532-02[data-kb-block=\"kb-adv-heading109_a57532-02\"] mark.kt-highlight{font-style:normal;color:#f76a0c;-webkit-box-decoration-break:clone;box-decoration-break:clone;padding-top:0px;padding-right:0px;padding-bottom:0px;padding-left:0px;}.wp-block-kadence-advancedheading.kt-adv-heading109_a57532-02 img.kb-inline-image, .wp-block-kadence-advancedheading.kt-adv-heading109_a57532-02[data-kb-block=\"kb-adv-heading109_a57532-02\"] img.kb-inline-image{width:150px;vertical-align:baseline;}<\/style>\n<p class=\"kt-adv-heading109_a57532-02 wp-block-kadence-advancedheading\" data-kb-block=\"kb-adv-heading109_a57532-02\"><strong>Email <\/strong>: info@azsealings.be<\/p>\n\n\n<style>.wp-block-kadence-advancedheading.kt-adv-heading109_f720ca-0e, .wp-block-kadence-advancedheading.kt-adv-heading109_f720ca-0e[data-kb-block=\"kb-adv-heading109_f720ca-0e\"]{font-size:var(--global-kb-font-size-md, 1.25rem);font-style:normal;}.wp-block-kadence-advancedheading.kt-adv-heading109_f720ca-0e mark.kt-highlight, .wp-block-kadence-advancedheading.kt-adv-heading109_f720ca-0e[data-kb-block=\"kb-adv-heading109_f720ca-0e\"] mark.kt-highlight{font-style:normal;color:#f76a0c;-webkit-box-decoration-break:clone;box-decoration-break:clone;padding-top:0px;padding-right:0px;padding-bottom:0px;padding-left:0px;}.wp-block-kadence-advancedheading.kt-adv-heading109_f720ca-0e img.kb-inline-image, .wp-block-kadence-advancedheading.kt-adv-heading109_f720ca-0e[data-kb-block=\"kb-adv-heading109_f720ca-0e\"] img.kb-inline-image{width:150px;vertical-align:baseline;}<\/style>\n<p class=\"kt-adv-heading109_f720ca-0e wp-block-kadence-advancedheading\" data-kb-block=\"kb-adv-heading109_f720ca-0e\"><strong>Num\u00e9ro TVA<\/strong> : BE 1002.551.418<\/p>\n<\/div><\/div>\n\n<\/div><\/div>","protected":false},"excerpt":{"rendered":"<p>Contact Vous avez une demande ? Un besoin?Nous serions heureux de vous fournir une offre personnalis\u00e9e pour votre projet. Nous nous tenons a\u0300 votre disposition pour toute analyse de vos besoins. Heures d&rsquo;ouvertures : du lundi au vendredi de 9h00 \u00e0 18h00. Adresse : 4, Boulevard Gendebien \u00e0 7000 Mons T\u00e9l : +32 (0) 65 [&hellip;]<\/p>\n","protected":false},"author":1,"featured_media":0,"parent":0,"menu_order":0,"comment_status":"closed","ping_status":"closed","template":"","meta":{"_seopress_robots_primary_cat":"","_seopress_titles_title":"","_seopress_titles_desc":"","_seopress_robots_index":"","_kad_blocks_custom_css":"","_kad_blocks_head_custom_js":"","_kad_blocks_body_custom_js":"","_kad_blocks_footer_custom_js":"","site-sidebar-layout":"default","site-content-layout":"","ast-site-content-layout":"default","site-content-style":"default","site-sidebar-style":"default","ast-global-header-display":"","ast-banner-title-visibility":"","ast-main-header-display":"","ast-hfb-above-header-display":"","ast-hfb-below-header-display":"","ast-hfb-mobile-header-display":"","site-post-title":"disabled","ast-breadcrumbs-content":"","ast-featured-img":"","footer-sml-layout":"","ast-disable-related-posts":"","theme-transparent-header-meta":"","adv-header-id-meta":"","stick-header-meta":"","header-above-stick-meta":"","header-main-stick-meta":"","header-below-stick-meta":"","astra-migrate-meta-layouts":"","ast-page-background-enabled":"default","ast-page-background-meta":{"desktop":{"background-color":"var(--ast-global-color-4)","background-image":"","background-repeat":"repeat","background-position":"center center","background-size":"auto","background-attachment":"scroll","background-type":"","background-media":"","overlay-type":"","overlay-color":"","overlay-opacity":"","overlay-gradient":""},"tablet":{"background-color":"","background-image":"","background-repeat":"repeat","background-position":"center center","background-size":"auto","background-attachment":"scroll","background-type":"","background-media":"","overlay-type":"","overlay-color":"","overlay-opacity":"","overlay-gradient":""},"mobile":{"background-color":"","background-image":"","background-repeat":"repeat","background-position":"center center","background-size":"auto","background-attachment":"scroll","background-type":"","background-media":"","overlay-type":"","overlay-color":"","overlay-opacity":"","overlay-gradient":""}},"ast-content-background-meta":{"desktop":{"background-color":"var(--ast-global-color-5)","background-image":"","background-repeat":"repeat","background-position":"center center","background-size":"auto","background-attachment":"scroll","background-type":"","background-media":"","overlay-type":"","overlay-color":"","overlay-opacity":"","overlay-gradient":""},"tablet":{"background-color":"var(--ast-global-color-5)","background-image":"","background-repeat":"repeat","background-position":"center center","background-size":"auto","background-attachment":"scroll","background-type":"","background-media":"","overlay-type":"","overlay-color":"","overlay-opacity":"","overlay-gradient":""},"mobile":{"background-color":"var(--ast-global-color-5)","background-image":"","background-repeat":"repeat","background-position":"center center","background-size":"auto","background-attachment":"scroll","background-type":"","background-media":"","overlay-type":"","overlay-color":"","overlay-opacity":"","overlay-gradient":""}},"iawp_total_views":921,"footnotes":""},"class_list":["post-109","page","type-page","status-publish","hentry"],"taxonomy_info":[],"featured_image_src_large":false,"author_info":{"display_name":"admin","author_link":"https:\/\/www.azsealings.be\/en\/author\/cedric_n4o3yah7\/"},"comment_info":0,"_links":{"self":[{"href":"https:\/\/www.azsealings.be\/en\/wp-json\/wp\/v2\/pages\/109","targetHints":{"allow":["GET"]}}],"collection":[{"href":"https:\/\/www.azsealings.be\/en\/wp-json\/wp\/v2\/pages"}],"about":[{"href":"https:\/\/www.azsealings.be\/en\/wp-json\/wp\/v2\/types\/page"}],"author":[{"embeddable":true,"href":"https:\/\/www.azsealings.be\/en\/wp-json\/wp\/v2\/users\/1"}],"replies":[{"embeddable":true,"href":"https:\/\/www.azsealings.be\/en\/wp-json\/wp\/v2\/comments?post=109"}],"version-history":[{"count":17,"href":"https:\/\/www.azsealings.be\/en\/wp-json\/wp\/v2\/pages\/109\/revisions"}],"predecessor-version":[{"id":552,"href":"https:\/\/www.azsealings.be\/en\/wp-json\/wp\/v2\/pages\/109\/revisions\/552"}],"wp:attachment":[{"href":"https:\/\/www.azsealings.be\/en\/wp-json\/wp\/v2\/media?parent=109"}],"curies":[{"name":"wp","href":"https:\/\/api.w.org\/{rel}","templated":true}]}}