{"id":91,"date":"2023-12-12T13:21:25","date_gmt":"2023-12-12T12:21:25","guid":{"rendered":"https:\/\/azsealings.be\/?page_id=91"},"modified":"2024-02-06T19:19:47","modified_gmt":"2024-02-06T18:19:47","slug":"a-propos","status":"publish","type":"page","link":"https:\/\/www.azsealings.be\/en\/a-propos\/","title":{"rendered":"About us"},"content":{"rendered":"<style>.kb-row-layout-id91_a1a74f-4c > .kt-row-column-wrap{align-content:center;}:where(.kb-row-layout-id91_a1a74f-4c > .kt-row-column-wrap) > .wp-block-kadence-column{justify-content:center;}.kb-row-layout-id91_a1a74f-4c > .kt-row-column-wrap{column-gap:var(--global-kb-gap-md, 2rem);row-gap:var(--global-kb-gap-md, 2rem);max-width:var(--wp--style--global--content-size);padding-top:var(--global-kb-spacing-sm, 1.5rem);padding-bottom:var(--global-kb-spacing-sm, 1.5rem);min-height:40vh;grid-template-columns:minmax(0, 1fr);}.kb-row-layout-id91_a1a74f-4c{background-image:url('https:\/\/www.azsealings.be\/wp-content\/uploads\/2024\/01\/pexels-talal-hakim-4727382-1-scaled.jpg');background-size:cover;background-position:center center;background-attachment:scroll;background-repeat:no-repeat;}.kb-row-layout-id91_a1a74f-4c > .kt-row-layout-overlay{opacity:0.30;background-color:var(--ast-global-color-8);}@media all and (max-width: 1024px){.kb-row-layout-id91_a1a74f-4c > .kt-row-column-wrap{grid-template-columns:minmax(0, 1fr);}}@media all and (max-width: 767px){.kb-row-layout-id91_a1a74f-4c > .kt-row-column-wrap{grid-template-columns:minmax(0, 1fr);}}<\/style><div class=\"kb-row-layout-wrap kb-row-layout-id91_a1a74f-4c alignfull kt-row-has-bg wp-block-kadence-rowlayout\"><div class=\"kt-row-layout-overlay kt-row-overlay-normal\"><\/div><div class=\"kt-row-column-wrap kt-has-1-columns kt-row-layout-equal kt-tab-layout-inherit kt-mobile-layout-row kt-row-valign-middle kb-theme-content-width\">\n<style>.kadence-column91_c08cf0-f2 > .kt-inside-inner-col,.kadence-column91_c08cf0-f2 > .kt-inside-inner-col:before{border-top-left-radius:0px;border-top-right-radius:0px;border-bottom-right-radius:0px;border-bottom-left-radius:0px;}.kadence-column91_c08cf0-f2 > .kt-inside-inner-col{column-gap:var(--global-kb-gap-sm, 1rem);}.kadence-column91_c08cf0-f2 > .kt-inside-inner-col{flex-direction:column;}.kadence-column91_c08cf0-f2 > .kt-inside-inner-col > .aligncenter{width:100%;}.kadence-column91_c08cf0-f2 > .kt-inside-inner-col:before{opacity:0.3;}.kadence-column91_c08cf0-f2{position:relative;}@media all and (max-width: 1024px){.kadence-column91_c08cf0-f2 > .kt-inside-inner-col{flex-direction:column;justify-content:center;}}@media all and (max-width: 767px){.kadence-column91_c08cf0-f2 > .kt-inside-inner-col{flex-direction:column;justify-content:center;}}<\/style>\n<div class=\"wp-block-kadence-column kadence-column91_c08cf0-f2\"><div class=\"kt-inside-inner-col\"><\/div><\/div>\n\n<\/div><\/div>\n\n<style>.kb-row-layout-id91_3ecd53-3c > .kt-row-column-wrap{align-content:start;}:where(.kb-row-layout-id91_3ecd53-3c > .kt-row-column-wrap) > .wp-block-kadence-column{justify-content:start;}.kb-row-layout-id91_3ecd53-3c > .kt-row-column-wrap{column-gap:var(--global-kb-gap-md, 2rem);row-gap:var(--global-kb-gap-md, 2rem);padding-top:var(--global-kb-spacing-xl, 4rem);padding-bottom:var(--global-kb-spacing-sm, 1.5rem);grid-template-columns:minmax(0, 1fr);}.kb-row-layout-id91_3ecd53-3c > .kt-row-layout-overlay{opacity:0.30;}@media all and (max-width: 1024px){.kb-row-layout-id91_3ecd53-3c > .kt-row-column-wrap{grid-template-columns:minmax(0, 1fr);}}@media all and (max-width: 767px){.kb-row-layout-id91_3ecd53-3c > .kt-row-column-wrap{grid-template-columns:minmax(0, 1fr);}}<\/style><div class=\"kb-row-layout-wrap kb-row-layout-id91_3ecd53-3c alignnone wp-block-kadence-rowlayout\"><div class=\"kt-row-column-wrap kt-has-1-columns kt-row-layout-equal kt-tab-layout-inherit kt-mobile-layout-row kt-row-valign-top\">\n<style>.kadence-column91_05ab92-55 > .kt-inside-inner-col,.kadence-column91_05ab92-55 > .kt-inside-inner-col:before{border-top-left-radius:0px;border-top-right-radius:0px;border-bottom-right-radius:0px;border-bottom-left-radius:0px;}.kadence-column91_05ab92-55 > .kt-inside-inner-col{column-gap:var(--global-kb-gap-sm, 1rem);}.kadence-column91_05ab92-55 > .kt-inside-inner-col{flex-direction:column;}.kadence-column91_05ab92-55 > .kt-inside-inner-col > .aligncenter{width:100%;}.kadence-column91_05ab92-55 > .kt-inside-inner-col:before{opacity:0.3;}.kadence-column91_05ab92-55{position:relative;}@media all and (max-width: 1024px){.kadence-column91_05ab92-55 > .kt-inside-inner-col{flex-direction:column;justify-content:center;}}@media all and (max-width: 767px){.kadence-column91_05ab92-55 > .kt-inside-inner-col{flex-direction:column;justify-content:center;}}<\/style>\n<div class=\"wp-block-kadence-column kadence-column91_05ab92-55\"><div class=\"kt-inside-inner-col\"><style>.wp-block-kadence-advancedheading.kt-adv-heading91_5639b5-35, .wp-block-kadence-advancedheading.kt-adv-heading91_5639b5-35[data-kb-block=\"kb-adv-heading91_5639b5-35\"]{font-size:var(--global-kb-font-size-lg, 2rem);font-style:normal;}.wp-block-kadence-advancedheading.kt-adv-heading91_5639b5-35 mark.kt-highlight, .wp-block-kadence-advancedheading.kt-adv-heading91_5639b5-35[data-kb-block=\"kb-adv-heading91_5639b5-35\"] mark.kt-highlight{font-style:normal;color:#f76a0c;-webkit-box-decoration-break:clone;box-decoration-break:clone;padding-top:0px;padding-right:0px;padding-bottom:0px;padding-left:0px;}.wp-block-kadence-advancedheading.kt-adv-heading91_5639b5-35 img.kb-inline-image, .wp-block-kadence-advancedheading.kt-adv-heading91_5639b5-35[data-kb-block=\"kb-adv-heading91_5639b5-35\"] img.kb-inline-image{width:150px;vertical-align:baseline;}<\/style>\n<h2 class=\"kt-adv-heading91_5639b5-35 wp-block-kadence-advancedheading\" data-kb-block=\"kb-adv-heading91_5639b5-35\">A Propos<\/h2>\n\n\n<style>.wp-block-kadence-spacer.kt-block-spacer-91_9b5902-a7 .kt-block-spacer{height:60px;}.wp-block-kadence-spacer.kt-block-spacer-91_9b5902-a7 .kt-divider{border-top-width:3px;height:1px;border-top-color:#c1d8f0;width:13%;border-top-style:solid;}<\/style>\n<div class=\"wp-block-kadence-spacer aligncenter kt-block-spacer-91_9b5902-a7\"><div class=\"kt-block-spacer kt-block-spacer-halign-left\"><hr class=\"kt-divider\"\/><\/div><\/div>\n\n\n<style>.kb-row-layout-id91_961887-ed > .kt-row-column-wrap{align-content:start;}:where(.kb-row-layout-id91_961887-ed > .kt-row-column-wrap) > .wp-block-kadence-column{justify-content:start;}.kb-row-layout-id91_961887-ed > .kt-row-column-wrap{column-gap:var(--global-kb-gap-md, 2rem);row-gap:var(--global-kb-gap-md, 2rem);padding-top:var(--global-kb-spacing-sm, 1.5rem);padding-bottom:var(--global-kb-spacing-sm, 1.5rem);grid-template-columns:minmax(0, calc(65% - ((var(--global-kb-gap-md, 2rem) * 1 )\/2)))minmax(0, calc(35% - ((var(--global-kb-gap-md, 2rem) * 1 )\/2)));}.kb-row-layout-id91_961887-ed > .kt-row-layout-overlay{opacity:0.30;}@media all and (max-width: 1024px){.kb-row-layout-id91_961887-ed > .kt-row-column-wrap{grid-template-columns:repeat(2, minmax(0, 1fr));}}@media all and (max-width: 767px){.kb-row-layout-id91_961887-ed > .kt-row-column-wrap{grid-template-columns:minmax(0, 1fr);}}<\/style><div class=\"kb-row-layout-wrap kb-row-layout-id91_961887-ed alignnone wp-block-kadence-rowlayout\"><div class=\"kt-row-column-wrap kt-has-2-columns kt-row-layout-equal kt-tab-layout-inherit kt-mobile-layout-row kt-row-valign-top\">\n<style>.kadence-column91_e03c2b-9c > .kt-inside-inner-col,.kadence-column91_e03c2b-9c > .kt-inside-inner-col:before{border-top-left-radius:0px;border-top-right-radius:0px;border-bottom-right-radius:0px;border-bottom-left-radius:0px;}.kadence-column91_e03c2b-9c > .kt-inside-inner-col{column-gap:var(--global-kb-gap-sm, 1rem);}.kadence-column91_e03c2b-9c > .kt-inside-inner-col{flex-direction:column;}.kadence-column91_e03c2b-9c > .kt-inside-inner-col > .aligncenter{width:100%;}.kadence-column91_e03c2b-9c > .kt-inside-inner-col:before{opacity:0.3;}.kadence-column91_e03c2b-9c{position:relative;}@media all and (max-width: 1024px){.kadence-column91_e03c2b-9c > .kt-inside-inner-col{flex-direction:column;justify-content:center;}}@media all and (max-width: 767px){.kadence-column91_e03c2b-9c > .kt-inside-inner-col{flex-direction:column;justify-content:center;}}<\/style>\n<div class=\"wp-block-kadence-column kadence-column91_e03c2b-9c\"><div class=\"kt-inside-inner-col\"><style>.wp-block-kadence-advancedheading.kt-adv-heading91_7470d8-b1, .wp-block-kadence-advancedheading.kt-adv-heading91_7470d8-b1[data-kb-block=\"kb-adv-heading91_7470d8-b1\"]{font-style:normal;}.wp-block-kadence-advancedheading.kt-adv-heading91_7470d8-b1 mark.kt-highlight, .wp-block-kadence-advancedheading.kt-adv-heading91_7470d8-b1[data-kb-block=\"kb-adv-heading91_7470d8-b1\"] mark.kt-highlight{font-style:normal;color:#f76a0c;-webkit-box-decoration-break:clone;box-decoration-break:clone;padding-top:0px;padding-right:0px;padding-bottom:0px;padding-left:0px;}.wp-block-kadence-advancedheading.kt-adv-heading91_7470d8-b1 img.kb-inline-image, .wp-block-kadence-advancedheading.kt-adv-heading91_7470d8-b1[data-kb-block=\"kb-adv-heading91_7470d8-b1\"] img.kb-inline-image{width:150px;vertical-align:baseline;}<\/style>\n<p class=\"kt-adv-heading91_7470d8-b1 wp-block-kadence-advancedheading\" data-kb-block=\"kb-adv-heading91_7470d8-b1\"><br>AZ SEALINGS est bien plus qu&rsquo;une entreprise : c&rsquo;est un leader sp\u00e9cialis\u00e9 dans la fabrication et la distribution de joints d&rsquo;\u00e9tanch\u00e9it\u00e9, qu&rsquo;ils soient standards ou enti\u00e8rement sur mesure. Nous mettons \u00e0 votre disposition une expertise approfondie dans le domaine de l&rsquo;\u00e9tanch\u00e9it\u00e9, offrant des solutions adapt\u00e9es aux distributeurs et aux industriels. Notre \u00e9quipe exp\u00e9riment\u00e9e est l\u00e0 pour conseiller, guider et r\u00e9soudre techniquement les besoins de nos clients, dans un environnement o\u00f9 la confiance prime.<\/p>\n\n\n<style>.wp-block-kadence-advancedheading.kt-adv-heading91_5fce25-07, .wp-block-kadence-advancedheading.kt-adv-heading91_5fce25-07[data-kb-block=\"kb-adv-heading91_5fce25-07\"]{font-style:normal;}.wp-block-kadence-advancedheading.kt-adv-heading91_5fce25-07 mark.kt-highlight, .wp-block-kadence-advancedheading.kt-adv-heading91_5fce25-07[data-kb-block=\"kb-adv-heading91_5fce25-07\"] mark.kt-highlight{font-style:normal;color:#f76a0c;-webkit-box-decoration-break:clone;box-decoration-break:clone;padding-top:0px;padding-right:0px;padding-bottom:0px;padding-left:0px;}.wp-block-kadence-advancedheading.kt-adv-heading91_5fce25-07 img.kb-inline-image, .wp-block-kadence-advancedheading.kt-adv-heading91_5fce25-07[data-kb-block=\"kb-adv-heading91_5fce25-07\"] img.kb-inline-image{width:150px;vertical-align:baseline;}<\/style>\n<p class=\"kt-adv-heading91_5fce25-07 wp-block-kadence-advancedheading\" data-kb-block=\"kb-adv-heading91_5fce25-07\">Notre palette d&rsquo;innovations s&rsquo;\u00e9tend \u00e0 travers une multitude de march\u00e9s exigeants, couvrant des secteurs vari\u00e9s tels que l&rsquo;automobile, l&rsquo;a\u00e9rospatiale, le nucl\u00e9aire, l&rsquo;\u00e9nergie, le ferroviaire, l&rsquo;industrie alimentaire, pharmaceutique, mini\u00e8re, p\u00e9troli\u00e8re, et bien d&rsquo;autres encore. Forts de notre exp\u00e9rience, nous sommes pr\u00eats \u00e0 r\u00e9pondre aux d\u00e9fis de votre industrie, quels que soient ses besoins en \u00e9tanch\u00e9it\u00e9.<\/p>\n<\/div><\/div>\n\n\n<style>.kadence-column91_9f77f5-71 > .kt-inside-inner-col{display:flex;}.kadence-column91_9f77f5-71 > .kt-inside-inner-col,.kadence-column91_9f77f5-71 > .kt-inside-inner-col:before{border-top-left-radius:0px;border-top-right-radius:0px;border-bottom-right-radius:0px;border-bottom-left-radius:0px;}.kadence-column91_9f77f5-71 > .kt-inside-inner-col{column-gap:var(--global-kb-gap-sm, 1rem);}.kadence-column91_9f77f5-71 > .kt-inside-inner-col{flex-direction:column;justify-content:center;}.kadence-column91_9f77f5-71 > .kt-inside-inner-col > .aligncenter{width:100%;}.kt-row-column-wrap > .kadence-column91_9f77f5-71{align-self:center;}.kt-inner-column-height-full:not(.kt-has-1-columns) > .wp-block-kadence-column.kadence-column91_9f77f5-71{align-self:auto;}.kt-inner-column-height-full:not(.kt-has-1-columns) > .wp-block-kadence-column.kadence-column91_9f77f5-71 > .kt-inside-inner-col{flex-direction:column;justify-content:center;}.kadence-column91_9f77f5-71 > .kt-inside-inner-col:before{opacity:0.3;}.kadence-column91_9f77f5-71{position:relative;}@media all and (max-width: 1024px){.kt-row-column-wrap > .kadence-column91_9f77f5-71{align-self:center;}}@media all and (max-width: 1024px){.kt-inner-column-height-full:not(.kt-has-1-columns) > .wp-block-kadence-column.kadence-column91_9f77f5-71{align-self:auto;}}@media all and (max-width: 1024px){.kt-inner-column-height-full:not(.kt-has-1-columns) > .wp-block-kadence-column.kadence-column91_9f77f5-71 > .kt-inside-inner-col{flex-direction:column;justify-content:center;}}@media all and (max-width: 1024px){.kadence-column91_9f77f5-71 > .kt-inside-inner-col{flex-direction:column;justify-content:center;}}@media all and (max-width: 767px){.kt-row-column-wrap > .kadence-column91_9f77f5-71{align-self:center;}.kt-inner-column-height-full:not(.kt-has-1-columns) > .wp-block-kadence-column.kadence-column91_9f77f5-71{align-self:auto;}.kt-inner-column-height-full:not(.kt-has-1-columns) > .wp-block-kadence-column.kadence-column91_9f77f5-71 > .kt-inside-inner-col{flex-direction:column;justify-content:center;}.kadence-column91_9f77f5-71 > .kt-inside-inner-col{flex-direction:column;justify-content:center;}}<\/style>\n<div class=\"wp-block-kadence-column kadence-column91_9f77f5-71\"><div class=\"kt-inside-inner-col\"><style>.wp-block-kadence-advancedgallery .kb-gallery-type-masonry.kb-gallery-id-91_797baa-a1{margin:-5px;}.kb-gallery-type-masonry.kb-gallery-id-91_797baa-a1 .kadence-blocks-gallery-item{padding:5px;}.kb-gallery-id-91_797baa-a1 .kadence-blocks-gallery-item .kb-gal-image-radius, .kb-gallery-id-91_797baa-a1 .kb-slide-item .kb-gal-image-radius img{border-radius:0px 0px 0px 0px;;}<\/style><div class=\"kb-gallery-wrap-id-91_797baa-a1 alignnone wp-block-kadence-advancedgallery\"><ul class=\"kb-gallery-ul kb-gallery-non-static kb-gallery-type-masonry kb-masonry-init kb-gallery-id-91_797baa-a1 kb-gallery-caption-style-bottom-hover kb-gallery-filter-none\" data-image-filter=\"none\" data-item-selector=\".kadence-blocks-gallery-item\" data-lightbox-caption=\"true\" data-columns-xxl=\"1\" data-columns-xl=\"1\" data-columns-md=\"1\" data-columns-sm=\"1\" data-columns-xs=\"1\" data-columns-ss=\"1\"><li class=\"kadence-blocks-gallery-item\" tabindex=\"0\"><div class=\"kadence-blocks-gallery-item-inner\"><figure class=\"kb-gallery-figure kadence-blocks-gallery-item-hide-caption\"><div class=\"kb-gal-image-radius\" style=\"max-width:1024px;\"><div class=\"kb-gallery-image-contain kadence-blocks-gallery-intrinsic\" style=\"padding-bottom:66%;\"><img loading=\"lazy\" decoding=\"async\" src=\"https:\/\/www.azsealings.be\/wp-content\/uploads\/2024\/01\/Images-a-propos-de-1024x683.jpg\" width=\"1024\" height=\"683\" alt=\"\" data-full-image=\"https:\/\/www.azsealings.be\/wp-content\/uploads\/2024\/01\/Images-a-propos-de.jpg\" data-light-image=\"https:\/\/www.azsealings.be\/wp-content\/uploads\/2024\/01\/Images-a-propos-de.jpg\" data-id=\"396\" class=\"wp-image-396\" srcset=\"https:\/\/www.azsealings.be\/wp-content\/uploads\/2024\/01\/Images-a-propos-de-1024x683.jpg 1024w, https:\/\/www.azsealings.be\/wp-content\/uploads\/2024\/01\/Images-a-propos-de-300x200.jpg 300w, https:\/\/www.azsealings.be\/wp-content\/uploads\/2024\/01\/Images-a-propos-de-768x512.jpg 768w, https:\/\/www.azsealings.be\/wp-content\/uploads\/2024\/01\/Images-a-propos-de-1536x1025.jpg 1536w, https:\/\/www.azsealings.be\/wp-content\/uploads\/2024\/01\/Images-a-propos-de.jpg 2048w\" sizes=\"auto, (max-width: 1024px) 100vw, 1024px\" \/><\/div><\/div><\/figure><\/div><\/li><\/ul><\/div><\/div><\/div>\n\n<\/div><\/div><\/div><\/div>\n\n<\/div><\/div>","protected":false},"excerpt":{"rendered":"<p>A Propos AZ SEALINGS est bien plus qu&rsquo;une entreprise : c&rsquo;est un leader sp\u00e9cialis\u00e9 dans la fabrication et la distribution de joints d&rsquo;\u00e9tanch\u00e9it\u00e9, qu&rsquo;ils soient standards ou enti\u00e8rement sur mesure. Nous mettons \u00e0 votre disposition une expertise approfondie dans le domaine de l&rsquo;\u00e9tanch\u00e9it\u00e9, offrant des solutions adapt\u00e9es aux distributeurs et aux industriels. Notre \u00e9quipe exp\u00e9riment\u00e9e [&hellip;]<\/p>\n","protected":false},"author":1,"featured_media":0,"parent":0,"menu_order":0,"comment_status":"closed","ping_status":"closed","template":"","meta":{"_seopress_robots_primary_cat":"","_seopress_titles_title":"","_seopress_titles_desc":"","_seopress_robots_index":"","_kad_blocks_custom_css":"","_kad_blocks_head_custom_js":"","_kad_blocks_body_custom_js":"","_kad_blocks_footer_custom_js":"","site-sidebar-layout":"default","site-content-layout":"","ast-site-content-layout":"default","site-content-style":"default","site-sidebar-style":"default","ast-global-header-display":"","ast-banner-title-visibility":"","ast-main-header-display":"","ast-hfb-above-header-display":"","ast-hfb-below-header-display":"","ast-hfb-mobile-header-display":"","site-post-title":"disabled","ast-breadcrumbs-content":"","ast-featured-img":"","footer-sml-layout":"","ast-disable-related-posts":"","theme-transparent-header-meta":"","adv-header-id-meta":"","stick-header-meta":"","header-above-stick-meta":"","header-main-stick-meta":"","header-below-stick-meta":"","astra-migrate-meta-layouts":"","ast-page-background-enabled":"default","ast-page-background-meta":{"desktop":{"background-color":"var(--ast-global-color-4)","background-image":"","background-repeat":"repeat","background-position":"center center","background-size":"auto","background-attachment":"scroll","background-type":"","background-media":"","overlay-type":"","overlay-color":"","overlay-opacity":"","overlay-gradient":""},"tablet":{"background-color":"","background-image":"","background-repeat":"repeat","background-position":"center center","background-size":"auto","background-attachment":"scroll","background-type":"","background-media":"","overlay-type":"","overlay-color":"","overlay-opacity":"","overlay-gradient":""},"mobile":{"background-color":"","background-image":"","background-repeat":"repeat","background-position":"center center","background-size":"auto","background-attachment":"scroll","background-type":"","background-media":"","overlay-type":"","overlay-color":"","overlay-opacity":"","overlay-gradient":""}},"ast-content-background-meta":{"desktop":{"background-color":"var(--ast-global-color-5)","background-image":"","background-repeat":"repeat","background-position":"center center","background-size":"auto","background-attachment":"scroll","background-type":"","background-media":"","overlay-type":"","overlay-color":"","overlay-opacity":"","overlay-gradient":""},"tablet":{"background-color":"var(--ast-global-color-5)","background-image":"","background-repeat":"repeat","background-position":"center center","background-size":"auto","background-attachment":"scroll","background-type":"","background-media":"","overlay-type":"","overlay-color":"","overlay-opacity":"","overlay-gradient":""},"mobile":{"background-color":"var(--ast-global-color-5)","background-image":"","background-repeat":"repeat","background-position":"center center","background-size":"auto","background-attachment":"scroll","background-type":"","background-media":"","overlay-type":"","overlay-color":"","overlay-opacity":"","overlay-gradient":""}},"iawp_total_views":691,"footnotes":""},"class_list":["post-91","page","type-page","status-publish","hentry"],"taxonomy_info":[],"featured_image_src_large":false,"author_info":{"display_name":"admin","author_link":"https:\/\/www.azsealings.be\/en\/author\/cedric_n4o3yah7\/"},"comment_info":0,"_links":{"self":[{"href":"https:\/\/www.azsealings.be\/en\/wp-json\/wp\/v2\/pages\/91","targetHints":{"allow":["GET"]}}],"collection":[{"href":"https:\/\/www.azsealings.be\/en\/wp-json\/wp\/v2\/pages"}],"about":[{"href":"https:\/\/www.azsealings.be\/en\/wp-json\/wp\/v2\/types\/page"}],"author":[{"embeddable":true,"href":"https:\/\/www.azsealings.be\/en\/wp-json\/wp\/v2\/users\/1"}],"replies":[{"embeddable":true,"href":"https:\/\/www.azsealings.be\/en\/wp-json\/wp\/v2\/comments?post=91"}],"version-history":[{"count":14,"href":"https:\/\/www.azsealings.be\/en\/wp-json\/wp\/v2\/pages\/91\/revisions"}],"predecessor-version":[{"id":481,"href":"https:\/\/www.azsealings.be\/en\/wp-json\/wp\/v2\/pages\/91\/revisions\/481"}],"wp:attachment":[{"href":"https:\/\/www.azsealings.be\/en\/wp-json\/wp\/v2\/media?parent=91"}],"curies":[{"name":"wp","href":"https:\/\/api.w.org\/{rel}","templated":true}]}}